{"id":323,"date":"2016-05-19T11:13:28","date_gmt":"2016-05-19T08:13:28","guid":{"rendered":"https:\/\/www.transporditehnika.ee\/en\/madelveokid-hudrotostukitega\/"},"modified":"2016-06-15T18:57:23","modified_gmt":"2016-06-15T15:57:23","slug":"trucks-with-hydraulic-cranes","status":"publish","type":"page","link":"https:\/\/www.transporditehnika.ee\/en\/trucks-with-hydraulic-cranes\/","title":{"rendered":"Trucks with hydraulic cranes"},"content":{"rendered":"<div class=\"column one-second mobile-one\"><div class=\"mcb-column-inner\"><\/p>\n<p><div id=\"attachment_100\" style=\"width: 460px\" class=\"wp-caption alignnone\"><a href=\"https:\/\/www.transporditehnika.ee\/wp-content\/uploads\/MAN-TGS-Palfinger-PK15500-hudrotostuki-ja-madelkastiga.jpg\"><img loading=\"lazy\" decoding=\"async\" aria-describedby=\"caption-attachment-100\" class=\"wp-image-100 size-medium\" src=\"https:\/\/www.transporditehnika.ee\/wp-content\/uploads\/MAN-TGS-Palfinger-PK15500-hudrotostuki-ja-madelkastiga-450x338.jpg\" alt=\"MAN TGS Palfinger PK15500 h\u00fcdrot\u00f5stuki ja madelkastiga\" width=\"450\" height=\"338\" srcset=\"https:\/\/www.transporditehnika.ee\/wp-content\/uploads\/MAN-TGS-Palfinger-PK15500-hudrotostuki-ja-madelkastiga-450x338.jpg 450w, https:\/\/www.transporditehnika.ee\/wp-content\/uploads\/MAN-TGS-Palfinger-PK15500-hudrotostuki-ja-madelkastiga.jpg 1000w, https:\/\/www.transporditehnika.ee\/wp-content\/uploads\/MAN-TGS-Palfinger-PK15500-hudrotostuki-ja-madelkastiga-195x146.jpg 195w, https:\/\/www.transporditehnika.ee\/wp-content\/uploads\/MAN-TGS-Palfinger-PK15500-hudrotostuki-ja-madelkastiga-50x38.jpg 50w, https:\/\/www.transporditehnika.ee\/wp-content\/uploads\/MAN-TGS-Palfinger-PK15500-hudrotostuki-ja-madelkastiga-100x75.jpg 100w\" sizes=\"auto, (max-width:767px) 450px, 450px\" \/><\/a><p id=\"caption-attachment-100\" class=\"wp-caption-text\">MAN TGS Palfinger PK15500 t\u00f5stuki ja madelkastiga (3 autot)<\/p><\/div><\/p>\n<p><\/div><\/div>\n\n<div class=\"column one-second mobile-one\"><div class=\"mcb-column-inner\"><\/p>\n<p><div id=\"attachment_109\" style=\"width: 460px\" class=\"wp-caption alignnone\"><a href=\"https:\/\/www.transporditehnika.ee\/wp-content\/uploads\/MAN-TGS-Palfinger-18500-hudrotostuki-ning-madelkastiga.jpg\"><img loading=\"lazy\" decoding=\"async\" aria-describedby=\"caption-attachment-109\" class=\"wp-image-109 size-medium\" src=\"https:\/\/www.transporditehnika.ee\/wp-content\/uploads\/MAN-TGS-Palfinger-18500-hudrotostuki-ning-madelkastiga-450x338.jpg\" alt=\"MAN TGS Palfinger 18500 t\u00f5stuki ning madelkastiga\" width=\"450\" height=\"338\" srcset=\"https:\/\/www.transporditehnika.ee\/wp-content\/uploads\/MAN-TGS-Palfinger-18500-hudrotostuki-ning-madelkastiga-450x338.jpg 450w, https:\/\/www.transporditehnika.ee\/wp-content\/uploads\/MAN-TGS-Palfinger-18500-hudrotostuki-ning-madelkastiga.jpg 1000w, https:\/\/www.transporditehnika.ee\/wp-content\/uploads\/MAN-TGS-Palfinger-18500-hudrotostuki-ning-madelkastiga-195x146.jpg 195w, https:\/\/www.transporditehnika.ee\/wp-content\/uploads\/MAN-TGS-Palfinger-18500-hudrotostuki-ning-madelkastiga-50x38.jpg 50w, https:\/\/www.transporditehnika.ee\/wp-content\/uploads\/MAN-TGS-Palfinger-18500-hudrotostuki-ning-madelkastiga-100x75.jpg 100w\" sizes=\"auto, (max-width:767px) 450px, 450px\" \/><\/a><p id=\"caption-attachment-109\" class=\"wp-caption-text\">MAN TGS Palfinger 18500 t\u00f5stuki ning madelkastiga<\/p><\/div><\/p>\n<p><\/div><\/div>\n\n<hr \/>\n<div class=\"column one-second mobile-one\"><div class=\"mcb-column-inner\"><\/p>\n<p><div id=\"attachment_111\" style=\"width: 460px\" class=\"wp-caption alignnone\"><a href=\"https:\/\/www.transporditehnika.ee\/wp-content\/uploads\/MAN-TGS-Palfinger-36002-hudrotostuki-ning-madelkastiga.jpg\"><img loading=\"lazy\" decoding=\"async\" aria-describedby=\"caption-attachment-111\" class=\"wp-image-111 size-medium\" src=\"https:\/\/www.transporditehnika.ee\/wp-content\/uploads\/MAN-TGS-Palfinger-36002-hudrotostuki-ning-madelkastiga-450x338.jpg\" alt=\"MAN TGS Palfinger 36002 t\u00f5stuki ning madelkastiga\" width=\"450\" height=\"338\" srcset=\"https:\/\/www.transporditehnika.ee\/wp-content\/uploads\/MAN-TGS-Palfinger-36002-hudrotostuki-ning-madelkastiga-450x338.jpg 450w, https:\/\/www.transporditehnika.ee\/wp-content\/uploads\/MAN-TGS-Palfinger-36002-hudrotostuki-ning-madelkastiga.jpg 1000w, https:\/\/www.transporditehnika.ee\/wp-content\/uploads\/MAN-TGS-Palfinger-36002-hudrotostuki-ning-madelkastiga-195x146.jpg 195w, https:\/\/www.transporditehnika.ee\/wp-content\/uploads\/MAN-TGS-Palfinger-36002-hudrotostuki-ning-madelkastiga-50x38.jpg 50w, https:\/\/www.transporditehnika.ee\/wp-content\/uploads\/MAN-TGS-Palfinger-36002-hudrotostuki-ning-madelkastiga-100x75.jpg 100w\" sizes=\"auto, (max-width:767px) 450px, 450px\" \/><\/a><p id=\"caption-attachment-111\" class=\"wp-caption-text\">MAN TGS Palfinger 36002 t\u00f5stuki ning madelkastiga<\/p><\/div><\/p>\n<p><\/div><\/div>\n\n<div class=\"column one-second mobile-one\"><div class=\"mcb-column-inner\"><\/p>\n<p><div id=\"attachment_114\" style=\"width: 460px\" class=\"wp-caption alignnone\"><a href=\"https:\/\/www.transporditehnika.ee\/wp-content\/uploads\/MAN-TGS-Palfinger-62002-hudrotostuki-ning-platvormkastiga.jpg\"><img loading=\"lazy\" decoding=\"async\" aria-describedby=\"caption-attachment-114\" class=\"wp-image-114 size-medium\" src=\"https:\/\/www.transporditehnika.ee\/wp-content\/uploads\/MAN-TGS-Palfinger-62002-hudrotostuki-ning-platvormkastiga-450x338.jpg\" alt=\"MAN TGS Palfinger 62002 t\u00f5stuki ning platvormkastiga\" width=\"450\" height=\"338\" srcset=\"https:\/\/www.transporditehnika.ee\/wp-content\/uploads\/MAN-TGS-Palfinger-62002-hudrotostuki-ning-platvormkastiga-450x338.jpg 450w, https:\/\/www.transporditehnika.ee\/wp-content\/uploads\/MAN-TGS-Palfinger-62002-hudrotostuki-ning-platvormkastiga.jpg 1000w, https:\/\/www.transporditehnika.ee\/wp-content\/uploads\/MAN-TGS-Palfinger-62002-hudrotostuki-ning-platvormkastiga-195x146.jpg 195w, https:\/\/www.transporditehnika.ee\/wp-content\/uploads\/MAN-TGS-Palfinger-62002-hudrotostuki-ning-platvormkastiga-50x38.jpg 50w, https:\/\/www.transporditehnika.ee\/wp-content\/uploads\/MAN-TGS-Palfinger-62002-hudrotostuki-ning-platvormkastiga-100x75.jpg 100w\" sizes=\"auto, (max-width:767px) 450px, 450px\" \/><\/a><p id=\"caption-attachment-114\" class=\"wp-caption-text\">MAN TGS Palfinger 62002 t\u00f5stuki ning platvormkastiga<\/p><\/div><\/p>\n<p><\/div><\/div>\n\n<hr \/>\n<div class=\"column one-second mobile-one\"><div class=\"mcb-column-inner\"><\/p>\n<p><div id=\"attachment_116\" style=\"width: 460px\" class=\"wp-caption alignnone\"><a href=\"https:\/\/www.transporditehnika.ee\/wp-content\/uploads\/Iveco-Trakker-Palfinger-42502-hudrotostuki-ning-madelkastiga.jpg\"><img loading=\"lazy\" decoding=\"async\" aria-describedby=\"caption-attachment-116\" class=\"wp-image-116 size-medium\" src=\"https:\/\/www.transporditehnika.ee\/wp-content\/uploads\/Iveco-Trakker-Palfinger-42502-hudrotostuki-ning-madelkastiga-450x338.jpg\" alt=\"Iveco Trakker Palfinger 42502 t\u00f5stuki ning madelkastiga\" width=\"450\" height=\"338\" srcset=\"https:\/\/www.transporditehnika.ee\/wp-content\/uploads\/Iveco-Trakker-Palfinger-42502-hudrotostuki-ning-madelkastiga-450x338.jpg 450w, https:\/\/www.transporditehnika.ee\/wp-content\/uploads\/Iveco-Trakker-Palfinger-42502-hudrotostuki-ning-madelkastiga.jpg 1000w, https:\/\/www.transporditehnika.ee\/wp-content\/uploads\/Iveco-Trakker-Palfinger-42502-hudrotostuki-ning-madelkastiga-195x146.jpg 195w, https:\/\/www.transporditehnika.ee\/wp-content\/uploads\/Iveco-Trakker-Palfinger-42502-hudrotostuki-ning-madelkastiga-50x38.jpg 50w, https:\/\/www.transporditehnika.ee\/wp-content\/uploads\/Iveco-Trakker-Palfinger-42502-hudrotostuki-ning-madelkastiga-100x75.jpg 100w\" sizes=\"auto, (max-width:767px) 450px, 450px\" \/><\/a><p id=\"caption-attachment-116\" class=\"wp-caption-text\">Iveco Trakker Palfinger 42502 t\u00f5stuki ning madelkastiga<\/p><\/div><\/p>\n<p><\/div><\/div>\n\n<div class=\"column one-second mobile-one\"><div class=\"mcb-column-inner\"><\/p>\n<p><div id=\"attachment_118\" style=\"width: 460px\" class=\"wp-caption alignnone\"><a href=\"https:\/\/www.transporditehnika.ee\/wp-content\/uploads\/MAN-TGS-Palfinger-33002-hudrotostuki-ning-madelkastiga.jpg\"><img loading=\"lazy\" decoding=\"async\" aria-describedby=\"caption-attachment-118\" class=\"wp-image-118 size-medium\" src=\"https:\/\/www.transporditehnika.ee\/wp-content\/uploads\/MAN-TGS-Palfinger-33002-hudrotostuki-ning-madelkastiga-450x338.jpg\" alt=\"MAN TGS Palfinger 33002 t\u00f5stuki ning madelkastiga\" width=\"450\" height=\"338\" srcset=\"https:\/\/www.transporditehnika.ee\/wp-content\/uploads\/MAN-TGS-Palfinger-33002-hudrotostuki-ning-madelkastiga-450x338.jpg 450w, https:\/\/www.transporditehnika.ee\/wp-content\/uploads\/MAN-TGS-Palfinger-33002-hudrotostuki-ning-madelkastiga.jpg 1000w, https:\/\/www.transporditehnika.ee\/wp-content\/uploads\/MAN-TGS-Palfinger-33002-hudrotostuki-ning-madelkastiga-195x146.jpg 195w, https:\/\/www.transporditehnika.ee\/wp-content\/uploads\/MAN-TGS-Palfinger-33002-hudrotostuki-ning-madelkastiga-50x38.jpg 50w, https:\/\/www.transporditehnika.ee\/wp-content\/uploads\/MAN-TGS-Palfinger-33002-hudrotostuki-ning-madelkastiga-100x75.jpg 100w\" sizes=\"auto, (max-width:767px) 450px, 450px\" \/><\/a><p id=\"caption-attachment-118\" class=\"wp-caption-text\">MAN TGS Palfinger 33002 t\u00f5stuki ning madelkastiga<\/p><\/div><\/p>\n<p><\/div><\/div>\n\n<hr \/>\n<div class=\"column one-second mobile-one\"><div class=\"mcb-column-inner\"><\/p>\n<p><div id=\"attachment_120\" style=\"width: 460px\" class=\"wp-caption alignnone\"><a href=\"https:\/\/www.transporditehnika.ee\/wp-content\/uploads\/MAN-TGA-Palfinger-44002-hudrotostuki-ning-madelkastiga.jpg\"><img loading=\"lazy\" decoding=\"async\" aria-describedby=\"caption-attachment-120\" class=\"wp-image-120 size-medium\" src=\"https:\/\/www.transporditehnika.ee\/wp-content\/uploads\/MAN-TGA-Palfinger-44002-hudrotostuki-ning-madelkastiga-450x338.jpg\" alt=\"MAN TGA Palfinger 44002 t\u00f5stuki ning madelkastiga\" width=\"450\" height=\"338\" srcset=\"https:\/\/www.transporditehnika.ee\/wp-content\/uploads\/MAN-TGA-Palfinger-44002-hudrotostuki-ning-madelkastiga-450x338.jpg 450w, https:\/\/www.transporditehnika.ee\/wp-content\/uploads\/MAN-TGA-Palfinger-44002-hudrotostuki-ning-madelkastiga.jpg 1000w, https:\/\/www.transporditehnika.ee\/wp-content\/uploads\/MAN-TGA-Palfinger-44002-hudrotostuki-ning-madelkastiga-195x146.jpg 195w, https:\/\/www.transporditehnika.ee\/wp-content\/uploads\/MAN-TGA-Palfinger-44002-hudrotostuki-ning-madelkastiga-50x38.jpg 50w, https:\/\/www.transporditehnika.ee\/wp-content\/uploads\/MAN-TGA-Palfinger-44002-hudrotostuki-ning-madelkastiga-100x75.jpg 100w\" sizes=\"auto, (max-width:767px) 450px, 450px\" \/><\/a><p id=\"caption-attachment-120\" class=\"wp-caption-text\">MAN TGA Palfinger 44002 t\u00f5stuki ning madelkastiga<\/p><\/div><\/p>\n<p><\/div><\/div>\n\n<div class=\"column one-second mobile-one\"><div class=\"mcb-column-inner\"><\/p>\n<p><div id=\"attachment_122\" style=\"width: 460px\" class=\"wp-caption alignnone\"><a href=\"https:\/\/www.transporditehnika.ee\/wp-content\/uploads\/MAN-TGL-Atlas-75-2-hudrotostuki-ning-madelkastiga.jpg\"><img loading=\"lazy\" decoding=\"async\" aria-describedby=\"caption-attachment-122\" class=\"wp-image-122 size-medium\" src=\"https:\/\/www.transporditehnika.ee\/wp-content\/uploads\/MAN-TGL-Atlas-75-2-hudrotostuki-ning-madelkastiga-450x338.jpg\" alt=\"MAN TGL Atlas 75.2 t\u00f5stuki ning madelkastiga ( \u00fcmberehitus ning t\u00f5stuki paigaldus )\" width=\"450\" height=\"338\" srcset=\"https:\/\/www.transporditehnika.ee\/wp-content\/uploads\/MAN-TGL-Atlas-75-2-hudrotostuki-ning-madelkastiga-450x338.jpg 450w, https:\/\/www.transporditehnika.ee\/wp-content\/uploads\/MAN-TGL-Atlas-75-2-hudrotostuki-ning-madelkastiga.jpg 1000w, https:\/\/www.transporditehnika.ee\/wp-content\/uploads\/MAN-TGL-Atlas-75-2-hudrotostuki-ning-madelkastiga-195x146.jpg 195w, https:\/\/www.transporditehnika.ee\/wp-content\/uploads\/MAN-TGL-Atlas-75-2-hudrotostuki-ning-madelkastiga-50x38.jpg 50w, https:\/\/www.transporditehnika.ee\/wp-content\/uploads\/MAN-TGL-Atlas-75-2-hudrotostuki-ning-madelkastiga-100x75.jpg 100w\" sizes=\"auto, (max-width:767px) 450px, 450px\" \/><\/a><p id=\"caption-attachment-122\" class=\"wp-caption-text\">MAN TGL Atlas 75.2 t\u00f5stuki ning madelkastiga (\u00fcmberehitus ning t\u00f5stuki paigaldus)<\/p><\/div><\/p>\n<p><\/div><\/div>\n\n<hr \/>\n<div class=\"column one-second mobile-one\"><div class=\"mcb-column-inner\"><\/p>\n<p><div id=\"attachment_128\" style=\"width: 460px\" class=\"wp-caption alignnone\"><a href=\"https:\/\/www.transporditehnika.ee\/wp-content\/uploads\/MAN-TGS-Atlas-240-2-hudrotostuki-ning-madelkastiga..jpg\"><img loading=\"lazy\" decoding=\"async\" aria-describedby=\"caption-attachment-128\" class=\"size-medium wp-image-128\" src=\"https:\/\/www.transporditehnika.ee\/wp-content\/uploads\/MAN-TGS-Atlas-240-2-hudrotostuki-ning-madelkastiga.-450x338.jpg\" alt=\"MAN TGS Atlas 240.2 t\u00f5stuki ning madelkastiga\" width=\"450\" height=\"338\" srcset=\"https:\/\/www.transporditehnika.ee\/wp-content\/uploads\/MAN-TGS-Atlas-240-2-hudrotostuki-ning-madelkastiga.-450x338.jpg 450w, https:\/\/www.transporditehnika.ee\/wp-content\/uploads\/MAN-TGS-Atlas-240-2-hudrotostuki-ning-madelkastiga..jpg 1000w, https:\/\/www.transporditehnika.ee\/wp-content\/uploads\/MAN-TGS-Atlas-240-2-hudrotostuki-ning-madelkastiga.-195x146.jpg 195w, https:\/\/www.transporditehnika.ee\/wp-content\/uploads\/MAN-TGS-Atlas-240-2-hudrotostuki-ning-madelkastiga.-50x38.jpg 50w, https:\/\/www.transporditehnika.ee\/wp-content\/uploads\/MAN-TGS-Atlas-240-2-hudrotostuki-ning-madelkastiga.-100x75.jpg 100w\" sizes=\"auto, (max-width:767px) 450px, 450px\" \/><\/a><p id=\"caption-attachment-128\" class=\"wp-caption-text\">MAN TGS Atlas 240.2 t\u00f5stuki ning madelkastiga<\/p><\/div><\/p>\n<p><\/div><\/div>\n\n<div class=\"column one-second mobile-one\"><div class=\"mcb-column-inner\"><\/p>\n<p><div id=\"attachment_130\" style=\"width: 460px\" class=\"wp-caption alignnone\"><a href=\"https:\/\/www.transporditehnika.ee\/wp-content\/uploads\/MAN-TGL-Atlas-42-hudrotostuki-ning-madelkastiga.jpg\"><img loading=\"lazy\" decoding=\"async\" aria-describedby=\"caption-attachment-130\" class=\"size-medium wp-image-130\" src=\"https:\/\/www.transporditehnika.ee\/wp-content\/uploads\/MAN-TGL-Atlas-42-hudrotostuki-ning-madelkastiga-450x338.jpg\" alt=\"MAN TGL Atlas 42 t\u00f5stuki ning madelkastiga\" width=\"450\" height=\"338\" srcset=\"https:\/\/www.transporditehnika.ee\/wp-content\/uploads\/MAN-TGL-Atlas-42-hudrotostuki-ning-madelkastiga-450x338.jpg 450w, https:\/\/www.transporditehnika.ee\/wp-content\/uploads\/MAN-TGL-Atlas-42-hudrotostuki-ning-madelkastiga.jpg 1000w, https:\/\/www.transporditehnika.ee\/wp-content\/uploads\/MAN-TGL-Atlas-42-hudrotostuki-ning-madelkastiga-195x146.jpg 195w, https:\/\/www.transporditehnika.ee\/wp-content\/uploads\/MAN-TGL-Atlas-42-hudrotostuki-ning-madelkastiga-50x38.jpg 50w, https:\/\/www.transporditehnika.ee\/wp-content\/uploads\/MAN-TGL-Atlas-42-hudrotostuki-ning-madelkastiga-100x75.jpg 100w\" sizes=\"auto, (max-width:767px) 450px, 450px\" \/><\/a><p id=\"caption-attachment-130\" class=\"wp-caption-text\">MAN TGL Atlas 42 t\u00f5stuki ning madelkastiga<\/p><\/div><\/p>\n<p><\/div><\/div>\n\n<div class=\"column one-second mobile-one\"><div class=\"mcb-column-inner\"><\/p>\n<hr \/>\n<p><div id=\"attachment_132\" style=\"width: 460px\" class=\"wp-caption alignnone\"><a href=\"https:\/\/www.transporditehnika.ee\/wp-content\/uploads\/Scania-G410-Atlas-172-3-hudrotostuki-ning-madelkastiga.jpg\"><img loading=\"lazy\" decoding=\"async\" aria-describedby=\"caption-attachment-132\" class=\"size-medium wp-image-132\" src=\"https:\/\/www.transporditehnika.ee\/wp-content\/uploads\/Scania-G410-Atlas-172-3-hudrotostuki-ning-madelkastiga-450x338.jpg\" alt=\"Scania G410 Atlas 172.3 t\u00f5stuki ning madelkastiga\" width=\"450\" height=\"338\" srcset=\"https:\/\/www.transporditehnika.ee\/wp-content\/uploads\/Scania-G410-Atlas-172-3-hudrotostuki-ning-madelkastiga-450x338.jpg 450w, https:\/\/www.transporditehnika.ee\/wp-content\/uploads\/Scania-G410-Atlas-172-3-hudrotostuki-ning-madelkastiga.jpg 1000w, https:\/\/www.transporditehnika.ee\/wp-content\/uploads\/Scania-G410-Atlas-172-3-hudrotostuki-ning-madelkastiga-195x146.jpg 195w, https:\/\/www.transporditehnika.ee\/wp-content\/uploads\/Scania-G410-Atlas-172-3-hudrotostuki-ning-madelkastiga-50x38.jpg 50w, https:\/\/www.transporditehnika.ee\/wp-content\/uploads\/Scania-G410-Atlas-172-3-hudrotostuki-ning-madelkastiga-100x75.jpg 100w\" sizes=\"auto, (max-width:767px) 450px, 450px\" \/><\/a><p id=\"caption-attachment-132\" class=\"wp-caption-text\">Scania G410 Atlas 172.3 t\u00f5stuki ning madelkastiga (2 autot)<\/p><\/div><\/p>\n<p><\/div><\/div>\n\n<div class=\"column one-second mobile-one\"><div class=\"mcb-column-inner\"><\/p>\n<p><\/div><\/div>\n\n","protected":false},"excerpt":{"rendered":"","protected":false},"author":1,"featured_media":0,"parent":0,"menu_order":0,"comment_status":"closed","ping_status":"closed","template":"","meta":{"footnotes":""},"class_list":["post-323","page","type-page","status-publish","hentry"],"yoast_head":"<!-- This site is optimized with the Yoast SEO plugin v25.2 - https:\/\/yoast.com\/wordpress\/plugins\/seo\/ -->\n<title>Trucks with hydraulic cranes - Transporditehnika<\/title>\n<meta name=\"robots\" content=\"index, follow, max-snippet:-1, max-image-preview:large, max-video-preview:-1\" \/>\n<link rel=\"canonical\" href=\"https:\/\/www.transporditehnika.ee\/en\/trucks-with-hydraulic-cranes\/\" \/>\n<meta property=\"og:locale\" content=\"en_US\" \/>\n<meta property=\"og:type\" content=\"article\" \/>\n<meta property=\"og:title\" content=\"Trucks with hydraulic cranes - Transporditehnika\" \/>\n<meta property=\"og:url\" content=\"https:\/\/www.transporditehnika.ee\/en\/trucks-with-hydraulic-cranes\/\" \/>\n<meta property=\"og:site_name\" content=\"Transporditehnika\" \/>\n<meta property=\"article:modified_time\" content=\"2016-06-15T15:57:23+00:00\" \/>\n<meta property=\"og:image\" content=\"https:\/\/www.transporditehnika.ee\/wp-content\/uploads\/MAN-TGS-Palfinger-PK15500-hudrotostuki-ja-madelkastiga-450x338.jpg\" \/>\n<meta name=\"twitter:card\" content=\"summary_large_image\" \/>\n<meta name=\"twitter:label1\" content=\"Est. reading time\" \/>\n\t<meta name=\"twitter:data1\" content=\"1 minute\" \/>\n<script type=\"application\/ld+json\" class=\"yoast-schema-graph\">{\"@context\":\"https:\/\/schema.org\",\"@graph\":[{\"@type\":\"WebPage\",\"@id\":\"https:\/\/www.transporditehnika.ee\/en\/trucks-with-hydraulic-cranes\/\",\"url\":\"https:\/\/www.transporditehnika.ee\/en\/trucks-with-hydraulic-cranes\/\",\"name\":\"Trucks with hydraulic cranes - Transporditehnika\",\"isPartOf\":{\"@id\":\"https:\/\/www.transporditehnika.ee\/#website\"},\"primaryImageOfPage\":{\"@id\":\"https:\/\/www.transporditehnika.ee\/en\/trucks-with-hydraulic-cranes\/#primaryimage\"},\"image\":{\"@id\":\"https:\/\/www.transporditehnika.ee\/en\/trucks-with-hydraulic-cranes\/#primaryimage\"},\"thumbnailUrl\":\"https:\/\/www.transporditehnika.ee\/wp-content\/uploads\/MAN-TGS-Palfinger-PK15500-hudrotostuki-ja-madelkastiga-450x338.jpg\",\"datePublished\":\"2016-05-19T08:13:28+00:00\",\"dateModified\":\"2016-06-15T15:57:23+00:00\",\"breadcrumb\":{\"@id\":\"https:\/\/www.transporditehnika.ee\/en\/trucks-with-hydraulic-cranes\/#breadcrumb\"},\"inLanguage\":\"en-US\",\"potentialAction\":[{\"@type\":\"ReadAction\",\"target\":[\"https:\/\/www.transporditehnika.ee\/en\/trucks-with-hydraulic-cranes\/\"]}]},{\"@type\":\"ImageObject\",\"inLanguage\":\"en-US\",\"@id\":\"https:\/\/www.transporditehnika.ee\/en\/trucks-with-hydraulic-cranes\/#primaryimage\",\"url\":\"https:\/\/www.transporditehnika.ee\/wp-content\/uploads\/MAN-TGS-Palfinger-PK15500-hudrotostuki-ja-madelkastiga-450x338.jpg\",\"contentUrl\":\"https:\/\/www.transporditehnika.ee\/wp-content\/uploads\/MAN-TGS-Palfinger-PK15500-hudrotostuki-ja-madelkastiga-450x338.jpg\"},{\"@type\":\"BreadcrumbList\",\"@id\":\"https:\/\/www.transporditehnika.ee\/en\/trucks-with-hydraulic-cranes\/#breadcrumb\",\"itemListElement\":[{\"@type\":\"ListItem\",\"position\":1,\"name\":\"Home\",\"item\":\"https:\/\/www.transporditehnika.ee\/en\/\"},{\"@type\":\"ListItem\",\"position\":2,\"name\":\"Trucks with hydraulic cranes\"}]},{\"@type\":\"WebSite\",\"@id\":\"https:\/\/www.transporditehnika.ee\/#website\",\"url\":\"https:\/\/www.transporditehnika.ee\/\",\"name\":\"Transporditehnika\",\"description\":\"\",\"potentialAction\":[{\"@type\":\"SearchAction\",\"target\":{\"@type\":\"EntryPoint\",\"urlTemplate\":\"https:\/\/www.transporditehnika.ee\/?s={search_term_string}\"},\"query-input\":{\"@type\":\"PropertyValueSpecification\",\"valueRequired\":true,\"valueName\":\"search_term_string\"}}],\"inLanguage\":\"en-US\"}]}<\/script>\n<!-- \/ Yoast SEO plugin. -->","yoast_head_json":{"title":"Trucks with hydraulic cranes - Transporditehnika","robots":{"index":"index","follow":"follow","max-snippet":"max-snippet:-1","max-image-preview":"max-image-preview:large","max-video-preview":"max-video-preview:-1"},"canonical":"https:\/\/www.transporditehnika.ee\/en\/trucks-with-hydraulic-cranes\/","og_locale":"en_US","og_type":"article","og_title":"Trucks with hydraulic cranes - Transporditehnika","og_url":"https:\/\/www.transporditehnika.ee\/en\/trucks-with-hydraulic-cranes\/","og_site_name":"Transporditehnika","article_modified_time":"2016-06-15T15:57:23+00:00","og_image":[{"url":"https:\/\/www.transporditehnika.ee\/wp-content\/uploads\/MAN-TGS-Palfinger-PK15500-hudrotostuki-ja-madelkastiga-450x338.jpg","type":"","width":"","height":""}],"twitter_card":"summary_large_image","twitter_misc":{"Est. reading time":"1 minute"},"schema":{"@context":"https:\/\/schema.org","@graph":[{"@type":"WebPage","@id":"https:\/\/www.transporditehnika.ee\/en\/trucks-with-hydraulic-cranes\/","url":"https:\/\/www.transporditehnika.ee\/en\/trucks-with-hydraulic-cranes\/","name":"Trucks with hydraulic cranes - Transporditehnika","isPartOf":{"@id":"https:\/\/www.transporditehnika.ee\/#website"},"primaryImageOfPage":{"@id":"https:\/\/www.transporditehnika.ee\/en\/trucks-with-hydraulic-cranes\/#primaryimage"},"image":{"@id":"https:\/\/www.transporditehnika.ee\/en\/trucks-with-hydraulic-cranes\/#primaryimage"},"thumbnailUrl":"https:\/\/www.transporditehnika.ee\/wp-content\/uploads\/MAN-TGS-Palfinger-PK15500-hudrotostuki-ja-madelkastiga-450x338.jpg","datePublished":"2016-05-19T08:13:28+00:00","dateModified":"2016-06-15T15:57:23+00:00","breadcrumb":{"@id":"https:\/\/www.transporditehnika.ee\/en\/trucks-with-hydraulic-cranes\/#breadcrumb"},"inLanguage":"en-US","potentialAction":[{"@type":"ReadAction","target":["https:\/\/www.transporditehnika.ee\/en\/trucks-with-hydraulic-cranes\/"]}]},{"@type":"ImageObject","inLanguage":"en-US","@id":"https:\/\/www.transporditehnika.ee\/en\/trucks-with-hydraulic-cranes\/#primaryimage","url":"https:\/\/www.transporditehnika.ee\/wp-content\/uploads\/MAN-TGS-Palfinger-PK15500-hudrotostuki-ja-madelkastiga-450x338.jpg","contentUrl":"https:\/\/www.transporditehnika.ee\/wp-content\/uploads\/MAN-TGS-Palfinger-PK15500-hudrotostuki-ja-madelkastiga-450x338.jpg"},{"@type":"BreadcrumbList","@id":"https:\/\/www.transporditehnika.ee\/en\/trucks-with-hydraulic-cranes\/#breadcrumb","itemListElement":[{"@type":"ListItem","position":1,"name":"Home","item":"https:\/\/www.transporditehnika.ee\/en\/"},{"@type":"ListItem","position":2,"name":"Trucks with hydraulic cranes"}]},{"@type":"WebSite","@id":"https:\/\/www.transporditehnika.ee\/#website","url":"https:\/\/www.transporditehnika.ee\/","name":"Transporditehnika","description":"","potentialAction":[{"@type":"SearchAction","target":{"@type":"EntryPoint","urlTemplate":"https:\/\/www.transporditehnika.ee\/?s={search_term_string}"},"query-input":{"@type":"PropertyValueSpecification","valueRequired":true,"valueName":"search_term_string"}}],"inLanguage":"en-US"}]}},"_links":{"self":[{"href":"https:\/\/www.transporditehnika.ee\/en\/wp-json\/wp\/v2\/pages\/323","targetHints":{"allow":["GET"]}}],"collection":[{"href":"https:\/\/www.transporditehnika.ee\/en\/wp-json\/wp\/v2\/pages"}],"about":[{"href":"https:\/\/www.transporditehnika.ee\/en\/wp-json\/wp\/v2\/types\/page"}],"author":[{"embeddable":true,"href":"https:\/\/www.transporditehnika.ee\/en\/wp-json\/wp\/v2\/users\/1"}],"replies":[{"embeddable":true,"href":"https:\/\/www.transporditehnika.ee\/en\/wp-json\/wp\/v2\/comments?post=323"}],"version-history":[{"count":1,"href":"https:\/\/www.transporditehnika.ee\/en\/wp-json\/wp\/v2\/pages\/323\/revisions"}],"predecessor-version":[{"id":324,"href":"https:\/\/www.transporditehnika.ee\/en\/wp-json\/wp\/v2\/pages\/323\/revisions\/324"}],"wp:attachment":[{"href":"https:\/\/www.transporditehnika.ee\/en\/wp-json\/wp\/v2\/media?parent=323"}],"curies":[{"name":"wp","href":"https:\/\/api.w.org\/{rel}","templated":true}]}}